{"id":31016,"date":"2026-02-03T00:33:56","date_gmt":"2026-02-03T00:33:56","guid":{"rendered":"https:\/\/dev.ibiza-boats.com\/bootsverleih-auf-ibiza\/"},"modified":"2026-03-06T14:27:46","modified_gmt":"2026-03-06T14:27:46","slug":"bootsverleih-auf-ibiza","status":"publish","type":"page","link":"https:\/\/dev.ibiza-boats.com\/de\/","title":{"rendered":"Bootsverleih auf Ibiza"},"content":{"rendered":"","protected":false},"excerpt":{"rendered":"","protected":false},"author":1,"featured_media":0,"parent":0,"menu_order":0,"comment_status":"closed","ping_status":"closed","template":"","meta":{"_acf_changed":false},"class_list":["post-31016","page","type-page","status-publish","hentry"],"acf":{"body-flex":[{"acf_fc_layout":"hero","hero_component_pre-title":"Ibiza Boats: Ihr zuverl\u00e4ssiger Yachtcharter-Anbieter","hero_component_title":"Bootsverleih auf ##Ibiza##","hero_component_text":"Sie verdienen nur das Beste! Entdecken Sie die Magie Ibizas und seine unvergleichlich kristallklaren Gew\u00e4sser an Bord unserer Boote. ","hero_component_img":"","hero_component_video":31018,"hero_component_video_poster":31017,"hero_component_btn":{"label":"Unsere Boote","link":"#info-boat"},"hero_component_option_show":true,"hero_component_option_headline-tag":"h1","hero_component_option_layout":"full-hero","hero_component_option_id-section":""},{"acf_fc_layout":"text-block","text_component_title":"Yachtcharter ##Ibiza##","text_component_text-block":"Erleben Sie ein einzigartiges Abenteuer auf Ibiza. Ob Sie die Brise im Gesicht sp\u00fcren oder das Abenteuer auf den Wellen genie\u00dfen m\u00f6chten \u2013 wir haben die perfekte Yacht f\u00fcr Sie. \r\n\r\nNeu im Yachtcharter? Entdecken Sie, wie Sie Ihr Erlebnis auf Ibiza unvergesslich machen k\u00f6nnen ","text_component_btn":{"label":"Jetzt kontaktieren","link":"#contact-form"},"text_component_option_show":true,"text_component_option_headline-tag":"h2","text_component_option_layout":"defaut","text_component_option_show-btn":true,"text_component_option_grey-bg":false,"text_component_option_mb-0":true,"text_component_option_id-section":"info-boat"},{"acf_fc_layout":"explore-items","explore-items_component_text":{"title":"","text-block":""},"explore-items_component_listing":[{"img":31038,"title":"Megayacht-Charter auf ##Ibiza##","description":"G\u00f6nnen Sie sich echten Luxus und Komfort an Bord unserer Megayachten, die jeweils \u00fcber 30 Meter lang sind.","btn-main":{"label":"Flotte entdecken","link":"https:\/\/dev.ibiza-boats.com\/de\/megayacht-zu-mieten-auf-ibiza\/"}},{"img":31020,"title":"Yachtcharter in ##Ibiza##","description":"W\u00e4hlen Sie aus unserer Flotte von \u00fcber 30 Luxusyachten, die alle mit den Annehmlichkeiten ausgestattet sind, die Sie ben\u00f6tigen.","btn-main":{"label":"Flotte entdecken","link":"https:\/\/dev.ibiza-boats.com\/de\/yachtcharter-auf-ibiza\/"}},{"img":31021,"title":"Schnellboot-Charter auf ##Ibiza##","description":"Elegant und stilvoll auf dem Wasser bieten unsere Schnellboote auf Ibiza Nervenkitzel und Adrenalin pur.","btn-main":{"label":"Flotte entdecken","link":"https:\/\/dev.ibiza-boats.com\/de\/schnellboote-zu-mieten\/"}},{"img":31017,"title":"Katamaran- oder Segelbootverleih in ##Ibiza##","description":"Genie\u00dfen Sie Luxus auf Katamaranen und Segelbooten. Mit Platz f\u00fcr gro\u00dfe Gruppen oder intimere Segelt\u00f6rns organisieren wir alles von romantischen Ausfl\u00fcgen bis hin zu Firmenveranstaltungen. ","btn-main":{"label":"Flotte entdecken","link":"https:\/\/dev.ibiza-boats.com\/de\/katamarane-segelboote-zu-vermieten-in-ibiza\/"}}],"explore-items_component_option_show":true,"explore-items_component_option_layout-slider":false,"explore-items_component_option_show-text":false,"explore-items_component_option_headline-tag":"h2","explore-items_component_option_grey-bg":false,"explore-items_component_option_mb-0":false,"explore-items_component_option_id-section":""},{"acf_fc_layout":"grid-card","card-grid_component_text":{"title":"Was uns ##auszeichnet##","text-block":"<p data-start=\"243\" data-end=\"322\">Willkommen bei IBIZA BOATS, Ihrer erstklassigen Chartergesellschaft f\u00fcr Bootsverleih auf Ibiza.<\/p>\r\n<p data-start=\"243\" data-end=\"322\">Begeben Sie sich auf eine unvergessliche Reise und entdecken Sie die atemberaubenden K\u00fcsten von Ibiza und Formentera. Ob Sie den Luxus einer Yacht, die Ruhe eines Segelbootes oder den Raum eines Katamarans suchen, wir haben das perfekte Schiff f\u00fcr Sie. <\/p>","btn":{"label":"Jetzt kontaktieren","link":"#contact-form"}},"card-grid_component_listing":[{"icon":{"type":"media_library","value":"1083"},"title":"\u00dcber 30 Jahre Erfahrung","desc":"Geboren und aufgewachsen in Ibiza. Seit 1993 widmen wir uns der Bereitstellung von erstklassigem Service im Bereich Luxus-Yachtvermietung. "},{"icon":{"type":"media_library","value":"1164"},"title":"Wettbewerbsf\u00e4hige Preise","desc":"Wir bieten das beste Preis-Leistungs-Verh\u00e4ltnis in der Region."},{"icon":{"type":"media_library","value":"1167"},"title":"Au\u00dfergew\u00f6hnlicher Kundenservice","desc":"Wir sind stolz darauf, einen pers\u00f6nlichen Service zu bieten. Was immer Sie brauchen, wir machen es f\u00fcr Sie m\u00f6glich. "},{"icon":{"type":"media_library","value":"1165"},"title":"Professionelle Skipper","desc":"Unser Team von professionellen Skippern sind erfahrene Navigatoren, mehrsprachig und bestens mit der Insel vertraut."}],"card-grid_component_option_show":true,"card-grid_component_option_show-btn":true,"card-grid_component_option_headline-tag":"h2","card-grid_component_option_grey-bg":true,"card-grid_component_option_mb-0":false,"card-grid_component_option_id-section":""},{"acf_fc_layout":"text-block","text_component_title":"Unsere meistgefragten ##Boote zur Vermietung##","text_component_text-block":"Entdecken Sie unsere beeindruckende Flotte von Yachten, Megayachten, Katamaranen, Segelbooten und Speedbooten, die alle ausgestattet sind, um Ihnen ein einzigartiges Segelerlebnis auf Ibiza und Formentera zu bieten.","text_component_btn":{"label":"","link":""},"text_component_option_show":true,"text_component_option_headline-tag":"h2","text_component_option_layout":"center-desktop","text_component_option_show-btn":false,"text_component_option_grey-bg":false,"text_component_option_mb-0":true,"text_component_option_id-section":""},{"acf_fc_layout":"grid-boat","grid-boat_options_show":true,"grid-boat_options_layout":"home","grid-boat_options_grey-bg":false,"grid-boat_options_mb-0":false,"grid-boat_options_id-section":""},{"acf_fc_layout":"media-text","media-text_component_title":"Treffen Sie ##Ibiza Boats##","media-text_component_text-block":"Wir sind eine der traditionsreichsten Bootsvermietungsagenturen auf Ibiza und Formentera. Mit dem soliden Know-how aus dem nautischen Sektor, das nur jahrelange Erfahrung vermitteln kann, sind wir stolz darauf, den besten Service f\u00fcr die anspruchsvollsten Kunden anzubieten. \r\n\r\nBen\u00f6tigen Sie ein Boot? M\u00f6chten Sie das Erlebnis genie\u00dfen, auf den mediterranen Gew\u00e4ssern unter der strahlenden Sonne zu segeln und Ibiza von Sonnenaufgang bis Sonnenuntergang zu erleben? Ihre Tr\u00e4ume sind nur einen Anruf entfernt.  ","media-text_component_image":31036,"media-text_component_btn":{"label":"Jetzt kontaktieren","link":"#contact-form"},"media-text_component_option_show":true,"media-text_component_option_headline-tag":"h2","media-text_component_option_show-btn":true,"media-text_component_option_order-alt":false,"media-text_component_option_grey-bg":true,"media-text_component_option_mb-0":false,"media-text_component_option_id-section":""},{"acf_fc_layout":"explore-items","explore-items_component_text":{"title":"Wir bieten auch","text-block":""},"explore-items_component_listing":[{"img":31031,"title":"Segelboote","description":"Mit einem Segelboot um die Insel zu kreuzen, ist eines der entspannendsten Erlebnisse, die man im Mittelmeerraum genie\u00dfen kann.","btn-main":{"label":"Alle unsere Segelboote anzeigen","link":"https:\/\/wa.me\/34671338141?text=Hi%2C%20I%E2%80%99d%20like%20information%20about%20your%20sailboats.%20Availability%20and%20price%2C%20please."}},{"img":31032,"title":"Veranstaltungen an Bord","description":"Wir k\u00f6nnen Junggesellinnenabschiede, Hochzeitsfeiern, Firmenmeetings, Touren und vieles mehr auf unseren Booten organisieren.","btn-main":{"label":"Genie\u00dfen Sie eine unvergessliche Party","link":"https:\/\/dev.ibiza-boats.com\/de\/ueber-ibiza-boats\/"}},{"img":1662,"title":"Boote zu verkaufen","description":"Neue und gebrauchte Boote. Fragen Sie uns und wir finden f\u00fcr Sie das ideale Boot, ohne Kompromisse. ","btn-main":{"label":"Wir begleiten Sie bei Ihrem Kauf","link":"https:\/\/wa.me\/34671338141?text=Hi%2C%20I%E2%80%99m%20looking%20for%20a%20boat%20to%20buy.%20Can%20you%20guide%20me%3F"}},{"img":31035,"title":"Weitere Unterk\u00fcnfte auf Ibiza","description":"Wenn Sie nach einem besonderen Boot suchen, das nicht in unseren Hauptlisten aufgef\u00fchrt ist.","btn-main":{"label":"SIEHE ANDERE MIETOBJEKTE","link":"https:\/\/wa.me\/34671338141?text=Hi%2C%20I%E2%80%99m%20interested%20in%20other%20boat%20rentals%20in%20Ibiza.%20Could%20you%20send%20me%20more%20options%3F"}},{"img":31034,"title":"VIP-Services auf Ibiza","description":"Concierge-Services, darunter Villenvermietung, Privatjet, Personenschutz und Luxusautos.","btn-main":{"label":"ENTDECKEN SIE UNSERE VIP-SERVICES","link":"https:\/\/wa.me\/34671338141?text=Hi%2C%20I%E2%80%99d%20like%20more%20details%20about%20your%20VIP%20concierge%20services%20in%20Ibiza."}}],"explore-items_component_option_show":true,"explore-items_component_option_layout-slider":true,"explore-items_component_option_show-text":true,"explore-items_component_option_headline-tag":"h2","explore-items_component_option_grey-bg":false,"explore-items_component_option_mb-0":false,"explore-items_component_option_id-section":""},{"acf_fc_layout":"testimonials","testimonials_component_title":"Kundenstimmen","testimonials_component_text-block":"Die beste Art, Ibiza zu sehen, ist vom Meer aus. Beginnen Sie Ihr eigenes Abenteuer. ","testimonials_component_option_show":true,"testimonials_component_option_headline-tag":"h3","testimonials_component_option_grey-bg":true,"testimonials_component_option_mb-0":false,"testimonials_component_option_id-section":""},{"acf_fc_layout":"blog","blog_component_tex":{"title":"","text-block":""},"blog_component_option_show":true,"blog_component_option_layout":"blog-section","blog_component_option_headline-tag":"h2","blog_component_option_grey-bg":false,"blog_component_option_mb-0":false,"blog_component_option_id-section":""},{"acf_fc_layout":"contact-sec","contact-section_component_text":{"title":"","text-block":""},"contact-section_component_option_show":true,"contact-section_component_option_layout":"contact-section","contact-section_component_option_show-text":false,"contact-section_component_option_headline-tag":"h2","contact-section_component_option_grey-bg":true,"contact-section_component_option_mb-0":false,"contact-section_component_option_id-section":""}],"layout-styles":{"header-black":false,"footer-grey":false}},"_links":{"self":[{"href":"https:\/\/dev.ibiza-boats.com\/de\/wp-json\/wp\/v2\/pages\/31016","targetHints":{"allow":["GET"]}}],"collection":[{"href":"https:\/\/dev.ibiza-boats.com\/de\/wp-json\/wp\/v2\/pages"}],"about":[{"href":"https:\/\/dev.ibiza-boats.com\/de\/wp-json\/wp\/v2\/types\/page"}],"author":[{"embeddable":true,"href":"https:\/\/dev.ibiza-boats.com\/de\/wp-json\/wp\/v2\/users\/1"}],"replies":[{"embeddable":true,"href":"https:\/\/dev.ibiza-boats.com\/de\/wp-json\/wp\/v2\/comments?post=31016"}],"version-history":[{"count":4,"href":"https:\/\/dev.ibiza-boats.com\/de\/wp-json\/wp\/v2\/pages\/31016\/revisions"}],"predecessor-version":[{"id":31359,"href":"https:\/\/dev.ibiza-boats.com\/de\/wp-json\/wp\/v2\/pages\/31016\/revisions\/31359"}],"wp:attachment":[{"href":"https:\/\/dev.ibiza-boats.com\/de\/wp-json\/wp\/v2\/media?parent=31016"}],"curies":[{"name":"wp","href":"https:\/\/api.w.org\/{rel}","templated":true}]}}